{"id":2017,"date":"2023-02-01T10:50:57","date_gmt":"2023-02-01T10:50:57","guid":{"rendered":"https:\/\/www.mairata.art\/kuenstler\/"},"modified":"2023-02-24T11:00:46","modified_gmt":"2023-02-24T11:00:46","slug":"kuenstler","status":"publish","type":"page","link":"https:\/\/www.mairata.art\/de\/kuenstler\/","title":{"rendered":"K\u00fcnstler"},"content":{"rendered":"<div class=\"wp-block-columns is-layout-flex wp-container-core-columns-is-layout-9d6595d7 wp-block-columns-is-layout-flex\"><div class=\"wp-block-column is-layout-flow wp-block-column-is-layout-flow\" style=\"flex-basis:66.66%\"><h2 class=\"wp-block-heading\">Statement<\/h2>\n\n<p>Licht, Farbe und unregelm\u00e4\u00dfige Formen im Kampf gegen eine graue und kantige Welt.<\/p>\n\n<p>Die Kunst muss der Gesellschaft helfen, den Neurotizismus und die Depression zu \u00fcberwinden, in die sie eingetaucht ist. Mit intensiven und ges\u00e4ttigten Farben, mit Formen, die aus dem mentalen Rechteck, das unsere Gedanken einrahmt, ausbrechen, m\u00f6chte ich dazu beitragen, den Tag desjenigen zu verbessern, der meine Werke betrachtet.<\/p>\n\n<p>Es sind keine Werke, um zu denken, sondern um das Denken zu unterbrechen, um zu f\u00fchlen, zu flie\u00dfen und sich vorzustellen, um uns auf das Hier und Jetzt zu konzentrieren, um jenseits der Routine zu vibrieren.<\/p>\n\n<p>Die Technik basiert auf dem Malen auf extrudierten Polystyrol-Oberfl\u00e4chen, die zuvor entworfen, geschnitten und vorbereitet wurden, um die Farbe aufzunehmen. Als Farbe verwende ich Sprays auf Wasserbasis sowie gew\u00f6hnliche, ungew\u00f6hnliche und fluoreszierende Acrylfarben, die ich mit Pinseln, Spachteln, Rollen oder meinen H\u00e4nden auftrage.<\/p>\n\n<p>Diese Kunstwerken sollen beim Betrachter zun\u00e4chst ein Gef\u00fchl des Unbekannten, des Nichtverstehens dessen, was er sieht, hervorrufen, gefolgt von der notwendigen Neugier, sich auf die Suche nach den Symbolen und Botschaften, die sie verbergen, zu machen und sie zu entschl\u00fcsseln.<\/p>\n\n<hr class=\"wp-block-separator has-alpha-channel-opacity\"\/>\n\n<p style=\"font-size:16px;font-style:italic;font-weight:400\"><\/p><\/div>\n\n<div class=\"wp-block-column is-layout-flow wp-block-column-is-layout-flow\" style=\"flex-basis:33.33%\"><h3 class=\"wp-block-heading\">Exhibitions<\/h3>\n\n<h4 class=\"wp-block-heading\">2023<\/h4>\n\n<figure class=\"wp-block-table is-style-stripes\"><table><tbody><tr><td>09-26 feb.<\/td><td>LaZona Gallery<\/td><\/tr><tr><td>13 ene-19 feb.<\/td><td>Hotel Saratoga<\/td><\/tr><\/tbody><\/table><\/figure>\n\n<div class=\"wp-block-columns is-layout-flex wp-container-core-columns-is-layout-9d6595d7 wp-block-columns-is-layout-flex\"><div class=\"wp-block-column is-layout-flow wp-block-column-is-layout-flow\"><\/div><\/div>\n\n<p> <\/p>\n\n<h4 class=\"wp-block-heading\">2022<\/h4>\n\n<figure class=\"wp-block-table is-style-stripes\"><table><tbody><tr><td>01 oct<\/td><td>ArtinSal22<\/td><\/tr><tr><td>17 sept<\/td><td>Nit de l\u00b4art Palma<\/td><\/tr><tr><td>06-07 ago<\/td><td>Fira Molinera<\/td><\/tr><tr><td>14-29 jul<\/td><td>Moasis Cowork<\/td><\/tr><\/tbody><\/table><\/figure>\n\n<div class=\"wp-block-columns is-layout-flex wp-container-core-columns-is-layout-9d6595d7 wp-block-columns-is-layout-flex\"><div class=\"wp-block-column is-layout-flow wp-block-column-is-layout-flow\"><p><\/p>\n\n<p><\/p><\/div><\/div>\n\n<p><\/p>\n\n<h4 class=\"wp-block-heading\">2021<\/h4>\n\n<figure class=\"wp-block-table is-style-stripes\"><table><tbody><tr><td>01-05 dec.<\/td><td>Artist Experience Madrid<\/td><\/tr><tr><td>16 oct.<\/td><td>ArtinSal21<\/td><\/tr><\/tbody><\/table><\/figure>\n\n<p><\/p>\n\n<p><\/p><\/div><\/div><div class=\"wp-block-columns is-layout-flex wp-container-core-columns-is-layout-9d6595d7 wp-block-columns-is-layout-flex\"><div class=\"wp-block-column is-layout-flow wp-block-column-is-layout-flow\"><h2 class=\"wp-block-heading\">BIO<\/h2>\n\n<p>Neugierig, bissig und hat Probleme mit dem Respekt vor Autorit\u00e4ten. Als Kind wollte er Superman sein, aber er musste sich damit begn\u00fcgen, Sozialp\u00e4dagoge, Psychologe, Privatdetektiv und K\u00fcnstler zu sein und wurde in zahlreichen und vielf\u00e4ltigen Geek-Skills ausgebildet.<\/p>\n\n<p>Er ist s\u00fcchtig nach Lernen und versucht immer, ein wenig gestresst zu leben, denn wenn er zu ruhig lebt, ger\u00e4t er leicht in Schwierigkeiten.<\/p>\n\n<p>Er ist Ende vierzig, hat eine Frau, zwei T\u00f6chter und einen Hund. Er versucht, jeden Tag etwas Neues zu lernen und genug Pl\u00e4ne zu schmieden, um drei weitere Leben zu leben.<\/p>\n\n<p>Das &#8222;Wow&#8220; eines Kindes ber\u00fchrt ihn mehr als das Lob eines Kunstexperten, aber das soll hier vielleicht nicht verraten werden. Wird er jemals lernen, die Klappe zu halten?<\/p>\n\n<hr class=\"wp-block-separator has-alpha-channel-opacity\"\/>\n\n<p style=\"font-style:italic;font-weight:400\"><\/p><\/div>\n\n<div class=\"wp-block-column is-layout-flow wp-block-column-is-layout-flow\"><\/div><\/div><div class=\"wp-block-columns is-layout-flex wp-container-core-columns-is-layout-9d6595d7 wp-block-columns-is-layout-flex\"><div class=\"wp-block-column is-layout-flow wp-block-column-is-layout-flow\" style=\"flex-basis:33.33%\"><h3 class=\"wp-block-heading\">Aktuelles Projekt<\/h3>\n\n<figure class=\"wp-block-image size-large coblocks-animate\" data-coblocks-animation=\"slideInLeft\"><img loading=\"lazy\" decoding=\"async\" width=\"1024\" height=\"1024\" src=\"https:\/\/www.mairata.art\/wp-content\/uploads\/2023\/02\/totem011b-1024x1024.png\" alt=\"\" class=\"wp-image-846\" srcset=\"https:\/\/www.mairata.art\/wp-content\/uploads\/2023\/02\/totem011b-1024x1024.png 1024w, https:\/\/www.mairata.art\/wp-content\/uploads\/2023\/02\/totem011b-300x300.png 300w, https:\/\/www.mairata.art\/wp-content\/uploads\/2023\/02\/totem011b-150x150.png 150w, https:\/\/www.mairata.art\/wp-content\/uploads\/2023\/02\/totem011b-768x768.png 768w, https:\/\/www.mairata.art\/wp-content\/uploads\/2023\/02\/totem011b-1536x1536.png 1536w, https:\/\/www.mairata.art\/wp-content\/uploads\/2023\/02\/totem011b-2048x2048.png 2048w, https:\/\/www.mairata.art\/wp-content\/uploads\/2023\/02\/totem011b-468x468.png 468w, https:\/\/www.mairata.art\/wp-content\/uploads\/2023\/02\/totem011b-1612x1612.png 1612w, https:\/\/www.mairata.art\/wp-content\/uploads\/2023\/02\/totem011b-1116x1116.png 1116w, https:\/\/www.mairata.art\/wp-content\/uploads\/2023\/02\/totem011b-806x806.png 806w, https:\/\/www.mairata.art\/wp-content\/uploads\/2023\/02\/totem011b-558x558.png 558w, https:\/\/www.mairata.art\/wp-content\/uploads\/2023\/02\/totem011b-655x655.png 655w, https:\/\/www.mairata.art\/wp-content\/uploads\/2023\/02\/totem011b-600x600.png 600w, https:\/\/www.mairata.art\/wp-content\/uploads\/2023\/02\/totem011b-220x220.png 220w\" sizes=\"auto, (max-width: 1024px) 100vw, 1024px\" \/><\/figure>\n\n<figure class=\"wp-block-image size-large\"><img loading=\"lazy\" decoding=\"async\" width=\"1024\" height=\"1024\" src=\"https:\/\/www.mairata.art\/wp-content\/uploads\/2023\/02\/Varios02b-1024x1024.png\" alt=\"\" class=\"wp-image-884\" srcset=\"https:\/\/www.mairata.art\/wp-content\/uploads\/2023\/02\/Varios02b-1024x1024.png 1024w, https:\/\/www.mairata.art\/wp-content\/uploads\/2023\/02\/Varios02b-300x300.png 300w, https:\/\/www.mairata.art\/wp-content\/uploads\/2023\/02\/Varios02b-150x150.png 150w, https:\/\/www.mairata.art\/wp-content\/uploads\/2023\/02\/Varios02b-768x768.png 768w, https:\/\/www.mairata.art\/wp-content\/uploads\/2023\/02\/Varios02b-1536x1536.png 1536w, https:\/\/www.mairata.art\/wp-content\/uploads\/2023\/02\/Varios02b-2048x2048.png 2048w, https:\/\/www.mairata.art\/wp-content\/uploads\/2023\/02\/Varios02b-468x468.png 468w, https:\/\/www.mairata.art\/wp-content\/uploads\/2023\/02\/Varios02b-1612x1612.png 1612w, https:\/\/www.mairata.art\/wp-content\/uploads\/2023\/02\/Varios02b-1116x1116.png 1116w, https:\/\/www.mairata.art\/wp-content\/uploads\/2023\/02\/Varios02b-806x806.png 806w, https:\/\/www.mairata.art\/wp-content\/uploads\/2023\/02\/Varios02b-558x558.png 558w, https:\/\/www.mairata.art\/wp-content\/uploads\/2023\/02\/Varios02b-655x655.png 655w, https:\/\/www.mairata.art\/wp-content\/uploads\/2023\/02\/Varios02b-600x600.png 600w, https:\/\/www.mairata.art\/wp-content\/uploads\/2023\/02\/Varios02b-220x220.png 220w\" sizes=\"auto, (max-width: 1024px) 100vw, 1024px\" \/><\/figure><\/div>\n\n<div class=\"wp-block-column is-layout-flow wp-block-column-is-layout-flow\" style=\"flex-basis:66.66%\"><h2 class=\"wp-block-heading\">Irregular<\/h2>\n\n<p>Irregular ist ein Projekt zur Erweiterung der Malerei auf unregelm\u00e4\u00dfigen Oberfl\u00e4chen und unkonventionellen Materialien in der Kunstwelt. Es ist, kurz gesagt, ein weiterer Schritt im Kampf gegen das Graue und Normale, ein Versuch, unsere Wahrnehmung zu ver\u00e4ndern, indem wir aufh\u00f6ren, Kunst in regelm\u00e4\u00dfige Formen einzurahmen.<\/p>\n\n<p>Wir leben gerahmt in Vierecken: unsere W\u00e4nde, H\u00e4user, Geb\u00e4ude, Bl\u00f6cke, Bildschirme, B\u00fccher&#8230; sogar Kunstwerke. Das Viereck als Organisationsform der Welt zu durchbrechen, kann uns helfen, unsere Art der Wahrnehmung, des Empfindens und der Verarbeitung der Realit\u00e4t zu durchbrechen.<\/p>\n\n<p>Die Kunstwerk dieses Projekts haben die Form von Totems oder Spuren, die falsche, k\u00fcnstliche G\u00f6tter in unserer Realit\u00e4t hinterlassen haben. Sie sind in fluoreszierende oder intensiv ges\u00e4ttigte Farben getaucht, die uns von der Welt des Nat\u00fcrlichen und Realen entfernen.<\/p>\n\n<p>Wir brechen Konventionen, um Ver\u00e4nderungen zu provozieren.<\/p>\n\n<hr class=\"wp-block-separator has-alpha-channel-opacity\"\/>\n\n<p class=\"has-black-color has-text-color\" style=\"font-style:italic;font-weight:400\"><\/p><\/div><\/div><div class=\"wp-block-columns has-white-color has-black-background-color has-text-color has-background is-layout-flex wp-container-core-columns-is-layout-9d6595d7 wp-block-columns-is-layout-flex\"><div class=\"wp-block-column is-layout-flow wp-block-column-is-layout-flow\"><figure class=\"wp-block-image size-large is-resized\"><a href=\"https:\/\/goo.gl\/maps\/XYhnmNkU6NEMAQkS9\" target=\"_blank\" rel=\"noreferrer noopener\"><img loading=\"lazy\" decoding=\"async\" src=\"https:\/\/www.mairata.art\/wp-content\/uploads\/2023\/02\/IMG_20230131_211550_555-1024x1024.jpg\" alt=\"\" class=\"wp-image-739\" width=\"169\" height=\"169\" srcset=\"https:\/\/www.mairata.art\/wp-content\/uploads\/2023\/02\/IMG_20230131_211550_555-1024x1024.jpg 1024w, https:\/\/www.mairata.art\/wp-content\/uploads\/2023\/02\/IMG_20230131_211550_555-300x300.jpg 300w, https:\/\/www.mairata.art\/wp-content\/uploads\/2023\/02\/IMG_20230131_211550_555-220x220.jpg 220w, https:\/\/www.mairata.art\/wp-content\/uploads\/2023\/02\/IMG_20230131_211550_555-600x600.jpg 600w, https:\/\/www.mairata.art\/wp-content\/uploads\/2023\/02\/IMG_20230131_211550_555-150x150.jpg 150w, https:\/\/www.mairata.art\/wp-content\/uploads\/2023\/02\/IMG_20230131_211550_555-768x768.jpg 768w, https:\/\/www.mairata.art\/wp-content\/uploads\/2023\/02\/IMG_20230131_211550_555-468x468.jpg 468w, https:\/\/www.mairata.art\/wp-content\/uploads\/2023\/02\/IMG_20230131_211550_555-1116x1116.jpg 1116w, https:\/\/www.mairata.art\/wp-content\/uploads\/2023\/02\/IMG_20230131_211550_555-806x806.jpg 806w, https:\/\/www.mairata.art\/wp-content\/uploads\/2023\/02\/IMG_20230131_211550_555-558x558.jpg 558w, https:\/\/www.mairata.art\/wp-content\/uploads\/2023\/02\/IMG_20230131_211550_555-655x655.jpg 655w, https:\/\/www.mairata.art\/wp-content\/uploads\/2023\/02\/IMG_20230131_211550_555.jpg 1181w\" sizes=\"auto, (max-width: 169px) 100vw, 169px\" \/><\/a><figcaption class=\"wp-element-caption\">LaZona Gallery<\/figcaption><\/figure><\/div>\n\n<div class=\"wp-block-column is-layout-flow wp-block-column-is-layout-flow\"><h2 class=\"wp-block-heading\">Aktuelle Ausstellungen:<\/h2>\n\n<p>Mallorca \/ Malle: del 13\/01 al 19\/02<\/p>\n\n<p>Madrid: del 09\/02 al 26\/02<\/p><\/div>\n\n<div class=\"wp-block-column is-layout-flow wp-block-column-is-layout-flow\"><figure class=\"wp-block-image size-large is-resized\"><a href=\"https:\/\/goo.gl\/maps\/ayNhLFTHgNGsEfpK9\" target=\"_blank\" rel=\"noreferrer noopener\"><img loading=\"lazy\" decoding=\"async\" src=\"https:\/\/www.mairata.art\/wp-content\/uploads\/2023\/01\/Inauguracion1500-1024x1024.png\" alt=\"\" class=\"wp-image-725\" width=\"173\" height=\"173\" srcset=\"https:\/\/www.mairata.art\/wp-content\/uploads\/2023\/01\/Inauguracion1500-1024x1024.png 1024w, https:\/\/www.mairata.art\/wp-content\/uploads\/2023\/01\/Inauguracion1500-300x300.png 300w, https:\/\/www.mairata.art\/wp-content\/uploads\/2023\/01\/Inauguracion1500-220x220.png 220w, https:\/\/www.mairata.art\/wp-content\/uploads\/2023\/01\/Inauguracion1500-600x600.png 600w, https:\/\/www.mairata.art\/wp-content\/uploads\/2023\/01\/Inauguracion1500-150x150.png 150w, https:\/\/www.mairata.art\/wp-content\/uploads\/2023\/01\/Inauguracion1500-768x768.png 768w, https:\/\/www.mairata.art\/wp-content\/uploads\/2023\/01\/Inauguracion1500-468x468.png 468w, https:\/\/www.mairata.art\/wp-content\/uploads\/2023\/01\/Inauguracion1500-1116x1116.png 1116w, https:\/\/www.mairata.art\/wp-content\/uploads\/2023\/01\/Inauguracion1500-806x806.png 806w, https:\/\/www.mairata.art\/wp-content\/uploads\/2023\/01\/Inauguracion1500-558x558.png 558w, https:\/\/www.mairata.art\/wp-content\/uploads\/2023\/01\/Inauguracion1500-655x655.png 655w, https:\/\/www.mairata.art\/wp-content\/uploads\/2023\/01\/Inauguracion1500.png 1500w\" sizes=\"auto, (max-width: 173px) 100vw, 173px\" \/><\/a><figcaption class=\"wp-element-caption\">Hotel Saratoga<\/figcaption><\/figure><\/div><\/div><div class=\"wp-block-columns is-layout-flex wp-container-core-columns-is-layout-9d6595d7 wp-block-columns-is-layout-flex\"><div class=\"wp-block-column is-layout-flow wp-block-column-is-layout-flow\"><\/div>\n\n<div class=\"wp-block-column is-layout-flow wp-block-column-is-layout-flow\"><h2 class=\"has-text-align-center coblocks-animate wp-block-heading\" data-coblocks-animation=\"slideInBottom\"><a href=\"https:\/\/www.mairata.art\/de\/mehr\/\">Mas \/ More<\/a><\/h2><\/div>\n\n<div class=\"wp-block-column is-layout-flow wp-block-column-is-layout-flow\"><\/div><\/div>","protected":false},"excerpt":{"rendered":"<p>Statement Licht, Farbe und unregelm\u00e4\u00dfige Formen im Kampf gegen eine graue und kantige Welt. Die Kunst muss der Gesellschaft helfen, den Neurotizismus und die Depression zu \u00fcberwinden, in die sie eingetaucht ist. Mit intensiven und ges\u00e4ttigten Farben, mit Formen, die aus dem mentalen Rechteck, das unsere Gedanken einrahmt, ausbrechen, m\u00f6chte ich dazu beitragen, den Tag&hellip;<\/p>\n","protected":false},"author":1,"featured_media":2004,"parent":0,"menu_order":0,"comment_status":"closed","ping_status":"closed","template":"","meta":{"_acf_changed":false,"_coblocks_attr":"","_coblocks_dimensions":"","_coblocks_responsive_height":"","_coblocks_accordion_ie_support":"","_joinchat":[],"footnotes":""},"class_list":["post-2017","page","type-page","status-publish","has-post-thumbnail","hentry"],"acf":[],"yoast_head":"<!-- This site is optimized with the Yoast SEO plugin v25.0 - https:\/\/yoast.com\/wordpress\/plugins\/seo\/ -->\n<title>K\u00fcnstler - Mairata Art<\/title>\n<meta name=\"description\" content=\"Light and color to fight against a gray world.These works are not to think but to stop doing it, to feel, to flow and imagine, to focus our mind on the here and now, to vibrate beyond the routine.\" \/>\n<meta name=\"robots\" content=\"index, follow, max-snippet:-1, max-image-preview:large, max-video-preview:-1\" \/>\n<link rel=\"canonical\" href=\"https:\/\/www.mairata.art\/de\/kuenstler\/\" \/>\n<meta property=\"og:locale\" content=\"de_DE\" \/>\n<meta property=\"og:type\" content=\"article\" \/>\n<meta property=\"og:title\" content=\"K\u00fcnstler - Mairata Art\" \/>\n<meta property=\"og:description\" content=\"Light and color to fight against a gray world.These works are not to think but to stop doing it, to feel, to flow and imagine, to focus our mind on the here and now, to vibrate beyond the routine.\" \/>\n<meta property=\"og:url\" content=\"https:\/\/www.mairata.art\/de\/kuenstler\/\" \/>\n<meta property=\"og:site_name\" content=\"Mairata Art\" \/>\n<meta property=\"article:modified_time\" content=\"2023-02-24T11:00:46+00:00\" \/>\n<meta property=\"og:image\" content=\"https:\/\/www.mairata.art\/wp-content\/uploads\/2023\/02\/ferBN.jpg\" \/>\n\t<meta property=\"og:image:width\" content=\"1092\" \/>\n\t<meta property=\"og:image:height\" content=\"1230\" \/>\n\t<meta property=\"og:image:type\" content=\"image\/jpeg\" \/>\n<meta name=\"twitter:card\" content=\"summary_large_image\" \/>\n<meta name=\"twitter:label1\" content=\"Gesch\u00e4tzte Lesezeit\" \/>\n\t<meta name=\"twitter:data1\" content=\"4\u00a0Minuten\" \/>\n<script type=\"application\/ld+json\" class=\"yoast-schema-graph\">{\"@context\":\"https:\/\/schema.org\",\"@graph\":[{\"@type\":\"WebPage\",\"@id\":\"https:\/\/www.mairata.art\/de\/kuenstler\/\",\"url\":\"https:\/\/www.mairata.art\/de\/kuenstler\/\",\"name\":\"K\u00fcnstler - Mairata Art\",\"isPartOf\":{\"@id\":\"https:\/\/www.mairata.art\/#website\"},\"primaryImageOfPage\":{\"@id\":\"https:\/\/www.mairata.art\/de\/kuenstler\/#primaryimage\"},\"image\":{\"@id\":\"https:\/\/www.mairata.art\/de\/kuenstler\/#primaryimage\"},\"thumbnailUrl\":\"https:\/\/www.mairata.art\/wp-content\/uploads\/2023\/02\/ferBN.jpg\",\"datePublished\":\"2023-02-01T10:50:57+00:00\",\"dateModified\":\"2023-02-24T11:00:46+00:00\",\"description\":\"Light and color to fight against a gray world.These works are not to think but to stop doing it, to feel, to flow and imagine, to focus our mind on the here and now, to vibrate beyond the routine.\",\"breadcrumb\":{\"@id\":\"https:\/\/www.mairata.art\/de\/kuenstler\/#breadcrumb\"},\"inLanguage\":\"de\",\"potentialAction\":[{\"@type\":\"ReadAction\",\"target\":[\"https:\/\/www.mairata.art\/de\/kuenstler\/\"]}]},{\"@type\":\"ImageObject\",\"inLanguage\":\"de\",\"@id\":\"https:\/\/www.mairata.art\/de\/kuenstler\/#primaryimage\",\"url\":\"https:\/\/www.mairata.art\/wp-content\/uploads\/2023\/02\/ferBN.jpg\",\"contentUrl\":\"https:\/\/www.mairata.art\/wp-content\/uploads\/2023\/02\/ferBN.jpg\",\"width\":1092,\"height\":1230},{\"@type\":\"BreadcrumbList\",\"@id\":\"https:\/\/www.mairata.art\/de\/kuenstler\/#breadcrumb\",\"itemListElement\":[{\"@type\":\"ListItem\",\"position\":1,\"name\":\"Portada\",\"item\":\"https:\/\/www.mairata.art\/intro\/\"},{\"@type\":\"ListItem\",\"position\":2,\"name\":\"K\u00fcnstler\"}]},{\"@type\":\"WebSite\",\"@id\":\"https:\/\/www.mairata.art\/#website\",\"url\":\"https:\/\/www.mairata.art\/\",\"name\":\"Mairata Art\",\"description\":\"Arte Urbano y Contemporaneo\",\"potentialAction\":[{\"@type\":\"SearchAction\",\"target\":{\"@type\":\"EntryPoint\",\"urlTemplate\":\"https:\/\/www.mairata.art\/?s={search_term_string}\"},\"query-input\":{\"@type\":\"PropertyValueSpecification\",\"valueRequired\":true,\"valueName\":\"search_term_string\"}}],\"inLanguage\":\"de\"}]}<\/script>\n<!-- \/ Yoast SEO plugin. -->","yoast_head_json":{"title":"K\u00fcnstler - Mairata Art","description":"Light and color to fight against a gray world.These works are not to think but to stop doing it, to feel, to flow and imagine, to focus our mind on the here and now, to vibrate beyond the routine.","robots":{"index":"index","follow":"follow","max-snippet":"max-snippet:-1","max-image-preview":"max-image-preview:large","max-video-preview":"max-video-preview:-1"},"canonical":"https:\/\/www.mairata.art\/de\/kuenstler\/","og_locale":"de_DE","og_type":"article","og_title":"K\u00fcnstler - Mairata Art","og_description":"Light and color to fight against a gray world.These works are not to think but to stop doing it, to feel, to flow and imagine, to focus our mind on the here and now, to vibrate beyond the routine.","og_url":"https:\/\/www.mairata.art\/de\/kuenstler\/","og_site_name":"Mairata Art","article_modified_time":"2023-02-24T11:00:46+00:00","og_image":[{"width":1092,"height":1230,"url":"https:\/\/www.mairata.art\/wp-content\/uploads\/2023\/02\/ferBN.jpg","type":"image\/jpeg"}],"twitter_card":"summary_large_image","twitter_misc":{"Gesch\u00e4tzte Lesezeit":"4\u00a0Minuten"},"schema":{"@context":"https:\/\/schema.org","@graph":[{"@type":"WebPage","@id":"https:\/\/www.mairata.art\/de\/kuenstler\/","url":"https:\/\/www.mairata.art\/de\/kuenstler\/","name":"K\u00fcnstler - Mairata Art","isPartOf":{"@id":"https:\/\/www.mairata.art\/#website"},"primaryImageOfPage":{"@id":"https:\/\/www.mairata.art\/de\/kuenstler\/#primaryimage"},"image":{"@id":"https:\/\/www.mairata.art\/de\/kuenstler\/#primaryimage"},"thumbnailUrl":"https:\/\/www.mairata.art\/wp-content\/uploads\/2023\/02\/ferBN.jpg","datePublished":"2023-02-01T10:50:57+00:00","dateModified":"2023-02-24T11:00:46+00:00","description":"Light and color to fight against a gray world.These works are not to think but to stop doing it, to feel, to flow and imagine, to focus our mind on the here and now, to vibrate beyond the routine.","breadcrumb":{"@id":"https:\/\/www.mairata.art\/de\/kuenstler\/#breadcrumb"},"inLanguage":"de","potentialAction":[{"@type":"ReadAction","target":["https:\/\/www.mairata.art\/de\/kuenstler\/"]}]},{"@type":"ImageObject","inLanguage":"de","@id":"https:\/\/www.mairata.art\/de\/kuenstler\/#primaryimage","url":"https:\/\/www.mairata.art\/wp-content\/uploads\/2023\/02\/ferBN.jpg","contentUrl":"https:\/\/www.mairata.art\/wp-content\/uploads\/2023\/02\/ferBN.jpg","width":1092,"height":1230},{"@type":"BreadcrumbList","@id":"https:\/\/www.mairata.art\/de\/kuenstler\/#breadcrumb","itemListElement":[{"@type":"ListItem","position":1,"name":"Portada","item":"https:\/\/www.mairata.art\/intro\/"},{"@type":"ListItem","position":2,"name":"K\u00fcnstler"}]},{"@type":"WebSite","@id":"https:\/\/www.mairata.art\/#website","url":"https:\/\/www.mairata.art\/","name":"Mairata Art","description":"Arte Urbano y Contemporaneo","potentialAction":[{"@type":"SearchAction","target":{"@type":"EntryPoint","urlTemplate":"https:\/\/www.mairata.art\/?s={search_term_string}"},"query-input":{"@type":"PropertyValueSpecification","valueRequired":true,"valueName":"search_term_string"}}],"inLanguage":"de"}]}},"_links":{"self":[{"href":"https:\/\/www.mairata.art\/de\/wp-json\/wp\/v2\/pages\/2017","targetHints":{"allow":["GET"]}}],"collection":[{"href":"https:\/\/www.mairata.art\/de\/wp-json\/wp\/v2\/pages"}],"about":[{"href":"https:\/\/www.mairata.art\/de\/wp-json\/wp\/v2\/types\/page"}],"author":[{"embeddable":true,"href":"https:\/\/www.mairata.art\/de\/wp-json\/wp\/v2\/users\/1"}],"replies":[{"embeddable":true,"href":"https:\/\/www.mairata.art\/de\/wp-json\/wp\/v2\/comments?post=2017"}],"version-history":[{"count":7,"href":"https:\/\/www.mairata.art\/de\/wp-json\/wp\/v2\/pages\/2017\/revisions"}],"predecessor-version":[{"id":2050,"href":"https:\/\/www.mairata.art\/de\/wp-json\/wp\/v2\/pages\/2017\/revisions\/2050"}],"wp:featuredmedia":[{"embeddable":true,"href":"https:\/\/www.mairata.art\/de\/wp-json\/wp\/v2\/media\/2004"}],"wp:attachment":[{"href":"https:\/\/www.mairata.art\/de\/wp-json\/wp\/v2\/media?parent=2017"}],"curies":[{"name":"wp","href":"https:\/\/api.w.org\/{rel}","templated":true}]}}