{"id":2026,"date":"2023-02-01T10:50:57","date_gmt":"2023-02-01T10:50:57","guid":{"rendered":"https:\/\/www.mairata.art\/artista\/"},"modified":"2023-02-24T11:03:47","modified_gmt":"2023-02-24T11:03:47","slug":"artista","status":"publish","type":"page","link":"https:\/\/www.mairata.art\/it\/artista\/","title":{"rendered":"ARTISTA"},"content":{"rendered":"<div class=\"wp-block-columns is-layout-flex wp-container-core-columns-is-layout-9d6595d7 wp-block-columns-is-layout-flex\"><div class=\"wp-block-column is-layout-flow wp-block-column-is-layout-flow\" style=\"flex-basis:66.66%\"><h2 class=\"wp-block-heading\">Dichiarazione<\/h2>\n\n<p>Luce, colore e forme irregolari per combattere un mondo grigio e squadrato.<\/p>\n\n<p>L&#8217;arte dovrebbe aiutare la societ\u00e0 a superare il nevrotismo e la depressione in cui \u00e8 immersa. Attraverso colori intensi e saturi, con forme che sfuggono al rettangolo mentale che incornicia i nostri pensieri, intendo contribuire a migliorare la giornata di chi contempla le mie opere.<\/p>\n\n<p>Non sono opere per pensare, ma per smettere di pensare, per sentire, per fluire e immaginare, per concentrarsi sul qui e ora, per vibrare oltre la routine.<\/p>\n\n<p>La tecnica si basa sulla pittura su superfici di polistirolo estruso precedentemente progettate, tagliate e preparate per trattenere la pittura. Come colori uso spray a base d&#8217;acqua e colori acrilici comuni, rari e fluorescenti, che applico con pennelli, spatole, rulli o con le mani.<\/p>\n\n<p>Queste opere sono destinate a creare nello spettatore prima un senso di non familiarit\u00e0, di non comprensione di ci\u00f2 che vede, seguito dalla curiosit\u00e0 necessaria per avventurarsi a esplorare e svelare i simboli e i messaggi che nascondono.<\/p>\n\n<hr class=\"wp-block-separator has-alpha-channel-opacity\"\/>\n\n<p style=\"font-size:16px;font-style:italic;font-weight:400\"><\/p><\/div>\n\n<div class=\"wp-block-column is-layout-flow wp-block-column-is-layout-flow\" style=\"flex-basis:33.33%\"><h3 class=\"wp-block-heading\">Mostre<\/h3>\n\n<h4 class=\"wp-block-heading\">2023<\/h4>\n\n<figure class=\"wp-block-table is-style-stripes\"><table><tbody><tr><td>09-26 febbraio.<\/td><td>Galleria LaZona<\/td><\/tr><tr><td>13 gennaio-19 febbraio.<\/td><td>Albergo Saratoga<\/td><\/tr><\/tbody><\/table><\/figure>\n\n<div class=\"wp-block-columns is-layout-flex wp-container-core-columns-is-layout-9d6595d7 wp-block-columns-is-layout-flex\"><div class=\"wp-block-column is-layout-flow wp-block-column-is-layout-flow\"><\/div><\/div>\n\n<p> <\/p>\n\n<h4 class=\"wp-block-heading\">2022<\/h4>\n\n<figure class=\"wp-block-table is-style-stripes\"><table><tbody><tr><td>01 ottobre<\/td><td>ArtinSal22<\/td><\/tr><tr><td>17 settembre<\/td><td>Nit de l&#8217;art Palma<\/td><\/tr><tr><td>06-07 agosto<\/td><td>Fiera della macinazione<\/td><\/tr><tr><td>14-29 luglio<\/td><td>Moasis Cowork<\/td><\/tr><\/tbody><\/table><\/figure>\n\n<div class=\"wp-block-columns is-layout-flex wp-container-core-columns-is-layout-9d6595d7 wp-block-columns-is-layout-flex\"><div class=\"wp-block-column is-layout-flow wp-block-column-is-layout-flow\"><p><\/p>\n\n<p><\/p><\/div><\/div>\n\n<p><\/p>\n\n<h4 class=\"wp-block-heading\">2021<\/h4>\n\n<figure class=\"wp-block-table is-style-stripes\"><table><tbody><tr><td>01-05 dic.<\/td><td>Esperienza d&#8217;artista a Madrid<\/td><\/tr><tr><td>16 ottobre.<\/td><td>ArtinSal21<\/td><\/tr><\/tbody><\/table><\/figure>\n\n<p><\/p>\n\n<p><\/p><\/div><\/div><div class=\"wp-block-columns is-layout-flex wp-container-core-columns-is-layout-9d6595d7 wp-block-columns-is-layout-flex\"><div class=\"wp-block-column is-layout-flow wp-block-column-is-layout-flow\"><h2 class=\"wp-block-heading\">BIO<\/h2>\n\n<p>Curioso, sprezzante e con problemi di rispetto per l&#8217;autorit\u00e0. Da bambino voleva essere Superman, ma ha dovuto accontentarsi di essere un educatore sociale, uno psicologo, un investigatore privato e un artista, oltre ad essersi addestrato in numerose e varie abilit\u00e0 geek.<\/p>\n\n<p>\u00c8 appassionato di apprendimento e cerca sempre di vivere in modo un po&#8217; stressante, perch\u00e9 se vive troppo tranquillamente tende a mettersi nei guai.<\/p>\n\n<p>Ha quarant&#8217;anni, una moglie, due figlie e un cane. Cercate di imparare cose nuove ogni giorno e fate abbastanza piani per vivere altre tre vite.<\/p>\n\n<p>Il &#8220;wow&#8221; di un bambino va oltre le lodi di un esperto d&#8217;arte, anche se forse non \u00e8 il caso di raccontarlo qui. Imparer\u00e0 mai a stare zitto?<\/p>\n\n<hr class=\"wp-block-separator has-alpha-channel-opacity\"\/>\n\n<p style=\"font-style:italic;font-weight:400\"><\/p><\/div>\n\n<div class=\"wp-block-column is-layout-flow wp-block-column-is-layout-flow\"><\/div><\/div><div class=\"wp-block-columns is-layout-flex wp-container-core-columns-is-layout-9d6595d7 wp-block-columns-is-layout-flex\"><div class=\"wp-block-column is-layout-flow wp-block-column-is-layout-flow\" style=\"flex-basis:33.33%\"><h3 class=\"wp-block-heading\">Progetto attuale<\/h3>\n\n<figure class=\"wp-block-image size-large coblocks-animate\" data-coblocks-animation=\"slideInLeft\"><img loading=\"lazy\" decoding=\"async\" width=\"1024\" height=\"1024\" src=\"https:\/\/www.mairata.art\/wp-content\/uploads\/2023\/02\/totem011b-1024x1024.png\" alt=\"\" class=\"wp-image-846\" srcset=\"https:\/\/www.mairata.art\/wp-content\/uploads\/2023\/02\/totem011b-1024x1024.png 1024w, https:\/\/www.mairata.art\/wp-content\/uploads\/2023\/02\/totem011b-300x300.png 300w, https:\/\/www.mairata.art\/wp-content\/uploads\/2023\/02\/totem011b-150x150.png 150w, https:\/\/www.mairata.art\/wp-content\/uploads\/2023\/02\/totem011b-768x768.png 768w, https:\/\/www.mairata.art\/wp-content\/uploads\/2023\/02\/totem011b-1536x1536.png 1536w, https:\/\/www.mairata.art\/wp-content\/uploads\/2023\/02\/totem011b-2048x2048.png 2048w, https:\/\/www.mairata.art\/wp-content\/uploads\/2023\/02\/totem011b-468x468.png 468w, https:\/\/www.mairata.art\/wp-content\/uploads\/2023\/02\/totem011b-1612x1612.png 1612w, https:\/\/www.mairata.art\/wp-content\/uploads\/2023\/02\/totem011b-1116x1116.png 1116w, https:\/\/www.mairata.art\/wp-content\/uploads\/2023\/02\/totem011b-806x806.png 806w, https:\/\/www.mairata.art\/wp-content\/uploads\/2023\/02\/totem011b-558x558.png 558w, https:\/\/www.mairata.art\/wp-content\/uploads\/2023\/02\/totem011b-655x655.png 655w, https:\/\/www.mairata.art\/wp-content\/uploads\/2023\/02\/totem011b-600x600.png 600w, https:\/\/www.mairata.art\/wp-content\/uploads\/2023\/02\/totem011b-220x220.png 220w\" sizes=\"auto, (max-width: 1024px) 100vw, 1024px\" \/><\/figure>\n\n<figure class=\"wp-block-image size-large\"><img loading=\"lazy\" decoding=\"async\" width=\"1024\" height=\"1024\" src=\"https:\/\/www.mairata.art\/wp-content\/uploads\/2023\/02\/Varios02b-1024x1024.png\" alt=\"\" class=\"wp-image-884\" srcset=\"https:\/\/www.mairata.art\/wp-content\/uploads\/2023\/02\/Varios02b-1024x1024.png 1024w, https:\/\/www.mairata.art\/wp-content\/uploads\/2023\/02\/Varios02b-300x300.png 300w, https:\/\/www.mairata.art\/wp-content\/uploads\/2023\/02\/Varios02b-150x150.png 150w, https:\/\/www.mairata.art\/wp-content\/uploads\/2023\/02\/Varios02b-768x768.png 768w, https:\/\/www.mairata.art\/wp-content\/uploads\/2023\/02\/Varios02b-1536x1536.png 1536w, https:\/\/www.mairata.art\/wp-content\/uploads\/2023\/02\/Varios02b-2048x2048.png 2048w, https:\/\/www.mairata.art\/wp-content\/uploads\/2023\/02\/Varios02b-468x468.png 468w, https:\/\/www.mairata.art\/wp-content\/uploads\/2023\/02\/Varios02b-1612x1612.png 1612w, https:\/\/www.mairata.art\/wp-content\/uploads\/2023\/02\/Varios02b-1116x1116.png 1116w, https:\/\/www.mairata.art\/wp-content\/uploads\/2023\/02\/Varios02b-806x806.png 806w, https:\/\/www.mairata.art\/wp-content\/uploads\/2023\/02\/Varios02b-558x558.png 558w, https:\/\/www.mairata.art\/wp-content\/uploads\/2023\/02\/Varios02b-655x655.png 655w, https:\/\/www.mairata.art\/wp-content\/uploads\/2023\/02\/Varios02b-600x600.png 600w, https:\/\/www.mairata.art\/wp-content\/uploads\/2023\/02\/Varios02b-220x220.png 220w\" sizes=\"auto, (max-width: 1024px) 100vw, 1024px\" \/><\/figure><\/div>\n\n<div class=\"wp-block-column is-layout-flow wp-block-column-is-layout-flow\" style=\"flex-basis:66.66%\"><h2 class=\"wp-block-heading\">Irregolare<\/h2>\n\n<p>Irregular \u00e8 un progetto di pittura espansa su superfici irregolari di materiali non convenzionali nel mondo dell&#8217;arte. Si tratta, insomma, di un ulteriore passo avanti in questa lotta contro il grigio e il normale, un tentativo di cambiare la nostra percezione non inquadrando pi\u00f9 l&#8217;arte in forme regolari.<\/p>\n\n<p>Viviamo incorniciati in quadrilateri: le nostre pareti, le case, gli edifici, i blocchi, gli schermi, i libri&#8230; persino le opere d&#8217;arte. Rompere il quadrilatero come modo di organizzare il mondo pu\u00f2 aiutarci a rompere il nostro modo di percepire, sentire ed elaborare la realt\u00e0.<\/p>\n\n<p>Le opere che compongono questo progetto hanno la forma di totem o di tracce lasciate da falsi dei artificiali nella nostra realt\u00e0, immerse in colori fluorescenti o intensamente saturi che ci allontanano dal mondo del naturale e del reale.<\/p>\n\n<p>Rompiamo le convenzioni per realizzare il cambiamento.<\/p>\n\n<hr class=\"wp-block-separator has-alpha-channel-opacity\"\/>\n\n<p class=\"has-black-color has-text-color\" style=\"font-style:italic;font-weight:400\"><\/p><\/div><\/div><div class=\"wp-block-columns has-white-color has-black-background-color has-text-color has-background is-layout-flex wp-container-core-columns-is-layout-9d6595d7 wp-block-columns-is-layout-flex\"><div class=\"wp-block-column is-layout-flow wp-block-column-is-layout-flow\"><figure class=\"wp-block-image size-large is-resized\"><a href=\"https:\/\/goo.gl\/maps\/XYhnmNkU6NEMAQkS9\" target=\"_blank\" rel=\"noreferrer noopener\"><img loading=\"lazy\" decoding=\"async\" src=\"https:\/\/www.mairata.art\/wp-content\/uploads\/2023\/02\/IMG_20230131_211550_555-1024x1024.jpg\" alt=\"\" class=\"wp-image-739\" width=\"169\" height=\"169\" srcset=\"https:\/\/www.mairata.art\/wp-content\/uploads\/2023\/02\/IMG_20230131_211550_555-1024x1024.jpg 1024w, https:\/\/www.mairata.art\/wp-content\/uploads\/2023\/02\/IMG_20230131_211550_555-300x300.jpg 300w, https:\/\/www.mairata.art\/wp-content\/uploads\/2023\/02\/IMG_20230131_211550_555-220x220.jpg 220w, https:\/\/www.mairata.art\/wp-content\/uploads\/2023\/02\/IMG_20230131_211550_555-600x600.jpg 600w, https:\/\/www.mairata.art\/wp-content\/uploads\/2023\/02\/IMG_20230131_211550_555-150x150.jpg 150w, https:\/\/www.mairata.art\/wp-content\/uploads\/2023\/02\/IMG_20230131_211550_555-768x768.jpg 768w, https:\/\/www.mairata.art\/wp-content\/uploads\/2023\/02\/IMG_20230131_211550_555-468x468.jpg 468w, https:\/\/www.mairata.art\/wp-content\/uploads\/2023\/02\/IMG_20230131_211550_555-1116x1116.jpg 1116w, https:\/\/www.mairata.art\/wp-content\/uploads\/2023\/02\/IMG_20230131_211550_555-806x806.jpg 806w, https:\/\/www.mairata.art\/wp-content\/uploads\/2023\/02\/IMG_20230131_211550_555-558x558.jpg 558w, https:\/\/www.mairata.art\/wp-content\/uploads\/2023\/02\/IMG_20230131_211550_555-655x655.jpg 655w, https:\/\/www.mairata.art\/wp-content\/uploads\/2023\/02\/IMG_20230131_211550_555.jpg 1181w\" sizes=\"auto, (max-width: 169px) 100vw, 169px\" \/><\/a><figcaption class=\"wp-element-caption\">Galleria LaZona<\/figcaption><\/figure><\/div>\n\n<div class=\"wp-block-column is-layout-flow wp-block-column-is-layout-flow\"><h2 class=\"wp-block-heading\">Mostre in corso:<\/h2>\n\n<p>Maiorca: dal 13\/01 al 19\/02<\/p>\n\n<p>Madrid: dal 09\/02 al 26\/02<\/p><\/div>\n\n<div class=\"wp-block-column is-layout-flow wp-block-column-is-layout-flow\"><figure class=\"wp-block-image size-large is-resized\"><a href=\"https:\/\/goo.gl\/maps\/ayNhLFTHgNGsEfpK9\" target=\"_blank\" rel=\"noreferrer noopener\"><img loading=\"lazy\" decoding=\"async\" src=\"https:\/\/www.mairata.art\/wp-content\/uploads\/2023\/01\/Inauguracion1500-1024x1024.png\" alt=\"\" class=\"wp-image-725\" width=\"173\" height=\"173\" srcset=\"https:\/\/www.mairata.art\/wp-content\/uploads\/2023\/01\/Inauguracion1500-1024x1024.png 1024w, https:\/\/www.mairata.art\/wp-content\/uploads\/2023\/01\/Inauguracion1500-300x300.png 300w, https:\/\/www.mairata.art\/wp-content\/uploads\/2023\/01\/Inauguracion1500-220x220.png 220w, https:\/\/www.mairata.art\/wp-content\/uploads\/2023\/01\/Inauguracion1500-600x600.png 600w, https:\/\/www.mairata.art\/wp-content\/uploads\/2023\/01\/Inauguracion1500-150x150.png 150w, https:\/\/www.mairata.art\/wp-content\/uploads\/2023\/01\/Inauguracion1500-768x768.png 768w, https:\/\/www.mairata.art\/wp-content\/uploads\/2023\/01\/Inauguracion1500-468x468.png 468w, https:\/\/www.mairata.art\/wp-content\/uploads\/2023\/01\/Inauguracion1500-1116x1116.png 1116w, https:\/\/www.mairata.art\/wp-content\/uploads\/2023\/01\/Inauguracion1500-806x806.png 806w, https:\/\/www.mairata.art\/wp-content\/uploads\/2023\/01\/Inauguracion1500-558x558.png 558w, https:\/\/www.mairata.art\/wp-content\/uploads\/2023\/01\/Inauguracion1500-655x655.png 655w, https:\/\/www.mairata.art\/wp-content\/uploads\/2023\/01\/Inauguracion1500.png 1500w\" sizes=\"auto, (max-width: 173px) 100vw, 173px\" \/><\/a><figcaption class=\"wp-element-caption\">Albergo Saratoga<\/figcaption><\/figure><\/div><\/div><div class=\"wp-block-columns is-layout-flex wp-container-core-columns-is-layout-9d6595d7 wp-block-columns-is-layout-flex\"><div class=\"wp-block-column is-layout-flow wp-block-column-is-layout-flow\"><\/div>\n\n<div class=\"wp-block-column is-layout-flow wp-block-column-is-layout-flow\"><h2 class=\"has-text-align-center coblocks-animate wp-block-heading\" data-coblocks-animation=\"slideInBottom\"><a href=\"https:\/\/www.mairata.art\/it\/di-piu\/\">Di pi\u00f9 \/ Di pi\u00f9<\/a><\/h2><\/div>\n\n<div class=\"wp-block-column is-layout-flow wp-block-column-is-layout-flow\"><\/div><\/div>","protected":false},"excerpt":{"rendered":"<p>Dichiarazione Luce, colore e forme irregolari per combattere un mondo grigio e squadrato. L&#8217;arte dovrebbe aiutare la societ\u00e0 a superare il nevrotismo e la depressione in cui \u00e8 immersa. Attraverso colori intensi e saturi, con forme che sfuggono al rettangolo mentale che incornicia i nostri pensieri, intendo contribuire a migliorare la giornata di chi contempla&hellip;<\/p>\n","protected":false},"author":1,"featured_media":2005,"parent":0,"menu_order":0,"comment_status":"closed","ping_status":"closed","template":"","meta":{"_acf_changed":false,"_coblocks_attr":"","_coblocks_dimensions":"","_coblocks_responsive_height":"","_coblocks_accordion_ie_support":"","_joinchat":[],"footnotes":""},"class_list":["post-2026","page","type-page","status-publish","has-post-thumbnail","hentry"],"acf":[],"yoast_head":"<!-- This site is optimized with the Yoast SEO plugin v25.0 - https:\/\/yoast.com\/wordpress\/plugins\/seo\/ -->\n<title>ARTISTA - Mairata Art<\/title>\n<meta name=\"description\" content=\"Queste opere non servono a pensare, ma a smettere di farlo, a sentire, a fluire e a immaginare, a concentrare la nostra mente sul qui e ora, a vibrare oltre la routine.\" \/>\n<meta name=\"robots\" content=\"index, follow, max-snippet:-1, max-image-preview:large, max-video-preview:-1\" \/>\n<link rel=\"canonical\" href=\"https:\/\/www.mairata.art\/it\/artista\/\" \/>\n<meta property=\"og:locale\" content=\"it_IT\" \/>\n<meta property=\"og:type\" content=\"article\" \/>\n<meta property=\"og:title\" content=\"ARTISTA - Mairata Art\" \/>\n<meta property=\"og:description\" content=\"Queste opere non servono a pensare, ma a smettere di farlo, a sentire, a fluire e a immaginare, a concentrare la nostra mente sul qui e ora, a vibrare oltre la routine.\" \/>\n<meta property=\"og:url\" content=\"https:\/\/www.mairata.art\/it\/artista\/\" \/>\n<meta property=\"og:site_name\" content=\"Mairata Art\" \/>\n<meta property=\"article:modified_time\" content=\"2023-02-24T11:03:47+00:00\" \/>\n<meta property=\"og:image\" content=\"https:\/\/www.mairata.art\/wp-content\/uploads\/2023\/02\/ferBN.jpg\" \/>\n\t<meta property=\"og:image:width\" content=\"1092\" \/>\n\t<meta property=\"og:image:height\" content=\"1230\" \/>\n\t<meta property=\"og:image:type\" content=\"image\/jpeg\" \/>\n<meta name=\"twitter:card\" content=\"summary_large_image\" \/>\n<meta name=\"twitter:label1\" content=\"Tempo di lettura stimato\" \/>\n\t<meta name=\"twitter:data1\" content=\"4 minuti\" \/>\n<script type=\"application\/ld+json\" class=\"yoast-schema-graph\">{\"@context\":\"https:\/\/schema.org\",\"@graph\":[{\"@type\":\"WebPage\",\"@id\":\"https:\/\/www.mairata.art\/it\/artista\/\",\"url\":\"https:\/\/www.mairata.art\/it\/artista\/\",\"name\":\"ARTISTA - Mairata Art\",\"isPartOf\":{\"@id\":\"https:\/\/www.mairata.art\/#website\"},\"primaryImageOfPage\":{\"@id\":\"https:\/\/www.mairata.art\/it\/artista\/#primaryimage\"},\"image\":{\"@id\":\"https:\/\/www.mairata.art\/it\/artista\/#primaryimage\"},\"thumbnailUrl\":\"https:\/\/www.mairata.art\/wp-content\/uploads\/2023\/02\/ferBN.jpg\",\"datePublished\":\"2023-02-01T10:50:57+00:00\",\"dateModified\":\"2023-02-24T11:03:47+00:00\",\"description\":\"Queste opere non servono a pensare, ma a smettere di farlo, a sentire, a fluire e a immaginare, a concentrare la nostra mente sul qui e ora, a vibrare oltre la routine.\",\"breadcrumb\":{\"@id\":\"https:\/\/www.mairata.art\/it\/artista\/#breadcrumb\"},\"inLanguage\":\"it-IT\",\"potentialAction\":[{\"@type\":\"ReadAction\",\"target\":[\"https:\/\/www.mairata.art\/it\/artista\/\"]}]},{\"@type\":\"ImageObject\",\"inLanguage\":\"it-IT\",\"@id\":\"https:\/\/www.mairata.art\/it\/artista\/#primaryimage\",\"url\":\"https:\/\/www.mairata.art\/wp-content\/uploads\/2023\/02\/ferBN.jpg\",\"contentUrl\":\"https:\/\/www.mairata.art\/wp-content\/uploads\/2023\/02\/ferBN.jpg\",\"width\":1092,\"height\":1230},{\"@type\":\"BreadcrumbList\",\"@id\":\"https:\/\/www.mairata.art\/it\/artista\/#breadcrumb\",\"itemListElement\":[{\"@type\":\"ListItem\",\"position\":1,\"name\":\"Portada\",\"item\":\"https:\/\/www.mairata.art\/introduzione\/\"},{\"@type\":\"ListItem\",\"position\":2,\"name\":\"ARTISTA\"}]},{\"@type\":\"WebSite\",\"@id\":\"https:\/\/www.mairata.art\/#website\",\"url\":\"https:\/\/www.mairata.art\/\",\"name\":\"Mairata Art\",\"description\":\"Arte Urbano y Contemporaneo\",\"potentialAction\":[{\"@type\":\"SearchAction\",\"target\":{\"@type\":\"EntryPoint\",\"urlTemplate\":\"https:\/\/www.mairata.art\/?s={search_term_string}\"},\"query-input\":{\"@type\":\"PropertyValueSpecification\",\"valueRequired\":true,\"valueName\":\"search_term_string\"}}],\"inLanguage\":\"it-IT\"}]}<\/script>\n<!-- \/ Yoast SEO plugin. -->","yoast_head_json":{"title":"ARTISTA - Mairata Art","description":"Queste opere non servono a pensare, ma a smettere di farlo, a sentire, a fluire e a immaginare, a concentrare la nostra mente sul qui e ora, a vibrare oltre la routine.","robots":{"index":"index","follow":"follow","max-snippet":"max-snippet:-1","max-image-preview":"max-image-preview:large","max-video-preview":"max-video-preview:-1"},"canonical":"https:\/\/www.mairata.art\/it\/artista\/","og_locale":"it_IT","og_type":"article","og_title":"ARTISTA - Mairata Art","og_description":"Queste opere non servono a pensare, ma a smettere di farlo, a sentire, a fluire e a immaginare, a concentrare la nostra mente sul qui e ora, a vibrare oltre la routine.","og_url":"https:\/\/www.mairata.art\/it\/artista\/","og_site_name":"Mairata Art","article_modified_time":"2023-02-24T11:03:47+00:00","og_image":[{"width":1092,"height":1230,"url":"https:\/\/www.mairata.art\/wp-content\/uploads\/2023\/02\/ferBN.jpg","type":"image\/jpeg"}],"twitter_card":"summary_large_image","twitter_misc":{"Tempo di lettura stimato":"4 minuti"},"schema":{"@context":"https:\/\/schema.org","@graph":[{"@type":"WebPage","@id":"https:\/\/www.mairata.art\/it\/artista\/","url":"https:\/\/www.mairata.art\/it\/artista\/","name":"ARTISTA - Mairata Art","isPartOf":{"@id":"https:\/\/www.mairata.art\/#website"},"primaryImageOfPage":{"@id":"https:\/\/www.mairata.art\/it\/artista\/#primaryimage"},"image":{"@id":"https:\/\/www.mairata.art\/it\/artista\/#primaryimage"},"thumbnailUrl":"https:\/\/www.mairata.art\/wp-content\/uploads\/2023\/02\/ferBN.jpg","datePublished":"2023-02-01T10:50:57+00:00","dateModified":"2023-02-24T11:03:47+00:00","description":"Queste opere non servono a pensare, ma a smettere di farlo, a sentire, a fluire e a immaginare, a concentrare la nostra mente sul qui e ora, a vibrare oltre la routine.","breadcrumb":{"@id":"https:\/\/www.mairata.art\/it\/artista\/#breadcrumb"},"inLanguage":"it-IT","potentialAction":[{"@type":"ReadAction","target":["https:\/\/www.mairata.art\/it\/artista\/"]}]},{"@type":"ImageObject","inLanguage":"it-IT","@id":"https:\/\/www.mairata.art\/it\/artista\/#primaryimage","url":"https:\/\/www.mairata.art\/wp-content\/uploads\/2023\/02\/ferBN.jpg","contentUrl":"https:\/\/www.mairata.art\/wp-content\/uploads\/2023\/02\/ferBN.jpg","width":1092,"height":1230},{"@type":"BreadcrumbList","@id":"https:\/\/www.mairata.art\/it\/artista\/#breadcrumb","itemListElement":[{"@type":"ListItem","position":1,"name":"Portada","item":"https:\/\/www.mairata.art\/introduzione\/"},{"@type":"ListItem","position":2,"name":"ARTISTA"}]},{"@type":"WebSite","@id":"https:\/\/www.mairata.art\/#website","url":"https:\/\/www.mairata.art\/","name":"Mairata Art","description":"Arte Urbano y Contemporaneo","potentialAction":[{"@type":"SearchAction","target":{"@type":"EntryPoint","urlTemplate":"https:\/\/www.mairata.art\/?s={search_term_string}"},"query-input":{"@type":"PropertyValueSpecification","valueRequired":true,"valueName":"search_term_string"}}],"inLanguage":"it-IT"}]}},"_links":{"self":[{"href":"https:\/\/www.mairata.art\/it\/wp-json\/wp\/v2\/pages\/2026","targetHints":{"allow":["GET"]}}],"collection":[{"href":"https:\/\/www.mairata.art\/it\/wp-json\/wp\/v2\/pages"}],"about":[{"href":"https:\/\/www.mairata.art\/it\/wp-json\/wp\/v2\/types\/page"}],"author":[{"embeddable":true,"href":"https:\/\/www.mairata.art\/it\/wp-json\/wp\/v2\/users\/1"}],"replies":[{"embeddable":true,"href":"https:\/\/www.mairata.art\/it\/wp-json\/wp\/v2\/comments?post=2026"}],"version-history":[{"count":2,"href":"https:\/\/www.mairata.art\/it\/wp-json\/wp\/v2\/pages\/2026\/revisions"}],"predecessor-version":[{"id":2052,"href":"https:\/\/www.mairata.art\/it\/wp-json\/wp\/v2\/pages\/2026\/revisions\/2052"}],"wp:featuredmedia":[{"embeddable":true,"href":"https:\/\/www.mairata.art\/it\/wp-json\/wp\/v2\/media\/2005"}],"wp:attachment":[{"href":"https:\/\/www.mairata.art\/it\/wp-json\/wp\/v2\/media?parent=2026"}],"curies":[{"name":"wp","href":"https:\/\/api.w.org\/{rel}","templated":true}]}}